{"id":573,"date":"2023-02-02T12:17:09","date_gmt":"2023-02-02T11:17:09","guid":{"rendered":"https:\/\/majchrzakinnenausbau.de\/?page_id=573"},"modified":"2023-02-17T11:54:20","modified_gmt":"2023-02-17T10:54:20","slug":"restaurowanie-i-odnawianie-okien-i-drzwi","status":"publish","type":"page","link":"https:\/\/majchrzakinnenausbau.de\/pl\/restaurowanie-i-odnawianie-okien-i-drzwi\/","title":{"rendered":"Restaurowanie i odnawianie okien i drzwi"},"content":{"rendered":"\t\t<div data-elementor-type=\"wp-page\" data-elementor-id=\"573\" class=\"elementor elementor-573 elementor-176\" data-elementor-post-type=\"page\">\n\t\t\t\t\t\t<section class=\"elementor-section elementor-top-section elementor-element elementor-element-110a2999 elementor-section-boxed elementor-section-height-default elementor-section-height-default\" data-id=\"110a2999\" data-element_type=\"section\" data-e-type=\"section\" data-settings=\"{&quot;background_background&quot;:&quot;classic&quot;}\">\n\t\t\t\t\t\t\t<div class=\"elementor-background-overlay\"><\/div>\n\t\t\t\t\t\t\t<div class=\"elementor-container elementor-column-gap-default\">\n\t\t\t\t\t<div class=\"elementor-column elementor-col-100 elementor-top-column elementor-element elementor-element-2287ce0c\" data-id=\"2287ce0c\" data-element_type=\"column\" data-e-type=\"column\">\n\t\t\t<div class=\"elementor-widget-wrap elementor-element-populated\">\n\t\t\t\t\t\t<div class=\"elementor-element elementor-element-2534fdb1 elementor-widget elementor-widget-heading\" data-id=\"2534fdb1\" data-element_type=\"widget\" data-e-type=\"widget\" data-widget_type=\"heading.default\">\n\t\t\t\t<div class=\"elementor-widget-container\">\n\t\t\t\t\t<h1 class=\"elementor-heading-title elementor-size-default\">Restaurowanie i odnawianie okien i drzwi<\/h1>\t\t\t\t<\/div>\n\t\t\t\t<\/div>\n\t\t\t\t\t<\/div>\n\t\t<\/div>\n\t\t\t\t\t<\/div>\n\t\t<\/section>\n\t\t\t\t<section class=\"elementor-section elementor-top-section elementor-element elementor-element-783d54c8 elementor-section-boxed elementor-section-height-default elementor-section-height-default\" data-id=\"783d54c8\" data-element_type=\"section\" data-e-type=\"section\">\n\t\t\t\t\t\t<div class=\"elementor-container elementor-column-gap-default\">\n\t\t\t\t\t<div class=\"elementor-column elementor-col-50 elementor-top-column elementor-element elementor-element-15349111\" data-id=\"15349111\" data-element_type=\"column\" data-e-type=\"column\">\n\t\t\t<div class=\"elementor-widget-wrap elementor-element-populated\">\n\t\t\t\t\t\t<div class=\"elementor-element elementor-element-1461b028 elementor-widget elementor-widget-text-editor\" data-id=\"1461b028\" data-element_type=\"widget\" data-e-type=\"widget\" data-widget_type=\"text-editor.default\">\n\t\t\t\t<div class=\"elementor-widget-container\">\n\t\t\t\t\t\t\t\t\t<p>Je\u015bli w domu posiadasz stare drzwi lub okna, to nie zawsze oznacza, \u017ce trzeba je usun\u0105\u0107 i zast\u0105pi\u0107 nowymi. Pomagam w odrestaurowaniu i odnowieniu drzwi i okien, aby wygl\u0105da\u0142y jak nowe i s\u0142u\u017cy\u0142y przez kolejne lata.<\/p>\n<p>Niezale\u017cnie od tego, czy chc\u0105 Pa\u0144stwo doda\u0107 odrobin\u0119 wyrafinowania do swojego wn\u0119trza, zachowa\u0107 integralno\u015b\u0107 historycznej nieruchomo\u015bci, czy te\u017c poprawi\u0107 efektywno\u015b\u0107 energetyczn\u0105 w swoim domu, mog\u0119 Pa\u0144stwu pom\u00f3c to osi\u0105gn\u0105\u0107. Specjalizuj\u0119 si\u0119 w renowacji i&nbsp; odnawianiu &nbsp;okien i drzwi z drewna. Moje us\u0142ugi obejmuj\u0105 czyszczenie, mycie, odt\u0142uszczanie powierzchni, napraw\u0119 ubytk\u00f3w i rys poprzez szpachlowanie, szlifowanie i malowanie.<\/p>\n<p>Zamieni\u0119 Pa\u0144stwa dom lub biuro w co\u015b wyj\u0105tkowego. Skontaktuj si\u0119 ze mn\u0105 ju\u017c dzi\u015b, aby om\u00f3wi\u0107 swoje potrzeby w zakresie renowacji i odnawiania okien i drzwi. Z przyjemno\u015bci\u0105 odpowiem na wszelkie pytania dotycz\u0105ce moich us\u0142ug.<\/p>\t\t\t\t\t\t\t\t<\/div>\n\t\t\t\t<\/div>\n\t\t\t\t\t<\/div>\n\t\t<\/div>\n\t\t\t\t<div class=\"elementor-column elementor-col-50 elementor-top-column elementor-element elementor-element-248dc6cf\" data-id=\"248dc6cf\" data-element_type=\"column\" data-e-type=\"column\">\n\t\t\t<div class=\"elementor-widget-wrap elementor-element-populated\">\n\t\t\t\t\t\t<div class=\"elementor-element elementor-element-581e2e28 elementor-widget elementor-widget-image\" data-id=\"581e2e28\" data-element_type=\"widget\" data-e-type=\"widget\" data-widget_type=\"image.default\">\n\t\t\t\t<div class=\"elementor-widget-container\">\n\t\t\t\t\t\t\t\t\t\t\t\t\t\t\t<img decoding=\"async\" src=\"https:\/\/majchrzakinnenausbau.de\/wp-content\/uploads\/elementor\/thumbs\/Sanierung-und-Renovierung-von-Fenstern-und-Tueren--rmbmug1jaeyw8ucwcs3cr49veic75jwcznzrmnfmnk.jpg\" title=\"Sanierung und Renovierung von Fenstern und T\u00fcren\" alt=\"Sanierung und Renovierung von Fenstern und T\u00fcren Hachenburg und Altenkirchen\" loading=\"lazy\" \/>\t\t\t\t\t\t\t\t\t\t\t\t\t\t\t<\/div>\n\t\t\t\t<\/div>\n\t\t\t\t\t<\/div>\n\t\t<\/div>\n\t\t\t\t\t<\/div>\n\t\t<\/section>\n\t\t\t\t<\/div>\n\t\t","protected":false},"excerpt":{"rendered":"<p>Je\u015bli w domu posiadasz stare drzwi lub okna, to nie zawsze oznacza, \u017ce trzeba je usun\u0105\u0107 i zast\u0105pi\u0107 nowymi. Pomagam w odrestaurowaniu i odnowieniu drzwi i okien, aby wygl\u0105da\u0142y jak nowe i s\u0142u\u017cy\u0142y przez kolejne lata. Niezale\u017cnie od tego, czy chc\u0105 Pa\u0144stwo doda\u0107 odrobin\u0119 wyrafinowania do swojego wn\u0119trza, zachowa\u0107 integralno\u015b\u0107 historycznej nieruchomo\u015bci, czy te\u017c poprawi\u0107 [&hellip;]<\/p>\n","protected":false},"author":1,"featured_media":0,"parent":0,"menu_order":0,"comment_status":"closed","ping_status":"closed","template":"","meta":{"site-sidebar-layout":"no-sidebar","site-content-layout":"page-builder","ast-site-content-layout":"default","site-content-style":"default","site-sidebar-style":"default","ast-global-header-display":"","ast-banner-title-visibility":"","ast-main-header-display":"","ast-hfb-above-header-display":"","ast-hfb-below-header-display":"","ast-hfb-mobile-header-display":"","site-post-title":"disabled","ast-breadcrumbs-content":"","ast-featured-img":"disabled","footer-sml-layout":"","ast-disable-related-posts":"","theme-transparent-header-meta":"","adv-header-id-meta":"","stick-header-meta":"","header-above-stick-meta":"","header-main-stick-meta":"","header-below-stick-meta":"","astra-migrate-meta-layouts":"default","ast-page-background-enabled":"default","ast-page-background-meta":{"desktop":{"background-color":"var(--ast-global-color-4)","background-image":"","background-repeat":"repeat","background-position":"center center","background-size":"auto","background-attachment":"scroll","background-type":"","background-media":"","overlay-type":"","overlay-color":"","overlay-opacity":"","overlay-gradient":""},"tablet":{"background-color":"","background-image":"","background-repeat":"repeat","background-position":"center center","background-size":"auto","background-attachment":"scroll","background-type":"","background-media":"","overlay-type":"","overlay-color":"","overlay-opacity":"","overlay-gradient":""},"mobile":{"background-color":"","background-image":"","background-repeat":"repeat","background-position":"center center","background-size":"auto","background-attachment":"scroll","background-type":"","background-media":"","overlay-type":"","overlay-color":"","overlay-opacity":"","overlay-gradient":""}},"ast-content-background-meta":{"desktop":{"background-color":"var(--ast-global-color-5)","background-image":"","background-repeat":"repeat","background-position":"center center","background-size":"auto","background-attachment":"scroll","background-type":"","background-media":"","overlay-type":"","overlay-color":"","overlay-opacity":"","overlay-gradient":""},"tablet":{"background-color":"var(--ast-global-color-5)","background-image":"","background-repeat":"repeat","background-position":"center center","background-size":"auto","background-attachment":"scroll","background-type":"","background-media":"","overlay-type":"","overlay-color":"","overlay-opacity":"","overlay-gradient":""},"mobile":{"background-color":"var(--ast-global-color-5)","background-image":"","background-repeat":"repeat","background-position":"center center","background-size":"auto","background-attachment":"scroll","background-type":"","background-media":"","overlay-type":"","overlay-color":"","overlay-opacity":"","overlay-gradient":""}},"footnotes":""},"class_list":["post-573","page","type-page","status-publish","hentry"],"_links":{"self":[{"href":"https:\/\/majchrzakinnenausbau.de\/pl\/wp-json\/wp\/v2\/pages\/573","targetHints":{"allow":["GET"]}}],"collection":[{"href":"https:\/\/majchrzakinnenausbau.de\/pl\/wp-json\/wp\/v2\/pages"}],"about":[{"href":"https:\/\/majchrzakinnenausbau.de\/pl\/wp-json\/wp\/v2\/types\/page"}],"author":[{"embeddable":true,"href":"https:\/\/majchrzakinnenausbau.de\/pl\/wp-json\/wp\/v2\/users\/1"}],"replies":[{"embeddable":true,"href":"https:\/\/majchrzakinnenausbau.de\/pl\/wp-json\/wp\/v2\/comments?post=573"}],"version-history":[{"count":8,"href":"https:\/\/majchrzakinnenausbau.de\/pl\/wp-json\/wp\/v2\/pages\/573\/revisions"}],"predecessor-version":[{"id":624,"href":"https:\/\/majchrzakinnenausbau.de\/pl\/wp-json\/wp\/v2\/pages\/573\/revisions\/624"}],"wp:attachment":[{"href":"https:\/\/majchrzakinnenausbau.de\/pl\/wp-json\/wp\/v2\/media?parent=573"}],"curies":[{"name":"wp","href":"https:\/\/api.w.org\/{rel}","templated":true}]}}